{"id":65819,"date":"2025-09-19T12:31:31","date_gmt":"2025-09-19T12:31:31","guid":{"rendered":"https:\/\/eurowesttravel.dijitalbacklink.com\/?page_id=65819"},"modified":"2025-10-03T00:11:56","modified_gmt":"2025-10-03T00:11:56","slug":"istanbul-havalimani-transfer","status":"publish","type":"page","link":"https:\/\/eurowesttravel.com\/en\/istanbul-havalimani-transfer\/","title":{"rendered":"\u0130stanbul Havaliman\u0131 Transfer"},"content":{"rendered":"<div data-elementor-type=\"wp-page\" data-elementor-id=\"65819\" class=\"elementor elementor-65819\" data-elementor-post-type=\"page\">\n\t\t\t\t\t\t<section class=\"elementor-section elementor-top-section elementor-element elementor-element-e331bfc elementor-section-boxed elementor-section-height-default elementor-section-height-default sc_fly_static\" data-id=\"e331bfc\" data-element_type=\"section\">\n\t\t\t\t\t\t<div class=\"elementor-container elementor-column-gap-extended\">\n\t\t\t\t\t<div class=\"elementor-column elementor-col-100 elementor-top-column elementor-element elementor-element-fdc802f sc_content_align_inherit sc_layouts_column_icons_position_left sc_fly_static\" data-id=\"fdc802f\" data-element_type=\"column\">\n\t\t\t<div class=\"elementor-widget-wrap\">\n\t\t\t\t\t\t\t<\/div>\n\t\t<\/div>\n\t\t\t\t\t<\/div>\n\t\t<\/section>\n\t\t\t\t<section class=\"elementor-section elementor-top-section elementor-element elementor-element-f8cb1e3 elementor-section-boxed elementor-section-height-default elementor-section-height-default sc_fly_static\" data-id=\"f8cb1e3\" data-element_type=\"section\">\n\t\t\t\t\t\t<div class=\"elementor-container elementor-column-gap-extended\">\n\t\t\t\t\t<div class=\"elementor-column elementor-col-100 elementor-top-column elementor-element elementor-element-c79137f sc_content_align_inherit sc_layouts_column_icons_position_left sc_fly_static\" data-id=\"c79137f\" data-element_type=\"column\">\n\t\t\t<div class=\"elementor-widget-wrap elementor-element-populated\">\n\t\t\t\t\t\t<div class=\"elementor-element elementor-element-35eb41d sc_fly_static elementor-widget elementor-widget-text-editor\" data-id=\"35eb41d\" data-element_type=\"widget\" data-widget_type=\"text-editor.default\">\n\t\t\t\t<div class=\"elementor-widget-container\">\n\t\t\t\t\t\t\t\t\t<p><span style=\"font-weight: 400;\">\u0130stanbul, d\u00fcnyan\u0131n en hareketli \u015fehirlerinden biri olmas\u0131n\u0131n yan\u0131 s\u0131ra, her g\u00fcn binlerce yerli ve yabanc\u0131 turisti a\u011f\u0131rlayan dev bir metropol. \u0130stanbul Havaliman\u0131, bu yo\u011fun trafi\u011fin en b\u00fcy\u00fck merkezi konumunda. Yolcular i\u00e7in en \u00f6nemli ihtiya\u00e7lardan biri, <\/span><b>konforlu, g\u00fcvenli ve zaman\u0131nda transfer hizmeti<\/b><span style=\"font-weight: 400;\">. \u0130\u015fte tam da bu noktada VIP \u0130stanbul Havaliman\u0131 Transfer hizmetimiz devreye giriyor.<\/span><\/p><p><span style=\"font-weight: 400;\">\u015eehir i\u00e7i karma\u015fadan uzak, \u00f6zel \u015fof\u00f6rl\u00fc ara\u00e7larla, y\u00fcksek standartlarda sunulan transfer hizmetiyle siz de seyahatinizin en rahat k\u0131sm\u0131n\u0131 yolculu\u011funuza ekleyebilirsiniz.<\/span><\/p><h2><span style=\"font-weight: 400;\">\u0130stanbul Havaliman\u0131 Transfer Neden Tercih Edilmelidir?<\/span><\/h2><p><span style=\"font-weight: 400;\">\u0130stanbul gibi yo\u011fun bir \u015fehirde havaliman\u0131na ula\u015f\u0131m bazen stresli olabilir. Trafik, valiz derdi, toplu ta\u015f\u0131ma zorluklar\u0131 derken yolculu\u011funuz keyifsiz bir hale gelebilir. Transfer hizmetimiz sayesinde:<\/span><\/p><ul><li style=\"font-weight: 400;\" aria-level=\"1\"><b>Zaman\u0131nda ve g\u00fcvenli ula\u015f\u0131m<\/b><span style=\"font-weight: 400;\"> sa\u011flan\u0131r.<\/span><p>\u00a0<\/p><\/li><li style=\"font-weight: 400;\" aria-level=\"1\"><b>L\u00fcks VIP ara\u00e7larla<\/b><span style=\"font-weight: 400;\"> rahat bir yolculuk yapars\u0131n\u0131z.<\/span><p>\u00a0<\/p><\/li><li style=\"font-weight: 400;\" aria-level=\"1\"><span style=\"font-weight: 400;\">Deneyimli \u015fof\u00f6rlerimiz, \u0130stanbul trafi\u011fine h\u00e2kimdir.<\/span><p>\u00a0<\/p><\/li><li style=\"font-weight: 400;\" aria-level=\"1\"><span style=\"font-weight: 400;\">Bekleme, taksi arama veya toplu ta\u015f\u0131ma stresi ya\u015famazs\u0131n\u0131z.<\/span><\/li><\/ul><h2><span style=\"font-weight: 400;\">VIP \u0130stanbul Havaliman\u0131 Transfer Hizmeti Neleri Kapsar?<\/span><\/h2><p><span style=\"font-weight: 400;\">Hizmetimiz, sadece sizi bir noktadan di\u011ferine g\u00f6t\u00fcrmekten ibaret de\u011fildir. VIP standartlarda sundu\u011fumuz avantajlar \u015funlard\u0131r:<\/span><\/p><ul><li style=\"font-weight: 400;\" aria-level=\"1\"><span style=\"font-weight: 400;\">\u00d6zel \u015fof\u00f6rl\u00fc, son model l\u00fcks ara\u00e7lar<\/span><p>\u00a0<\/p><\/li><li style=\"font-weight: 400;\" aria-level=\"1\"><span style=\"font-weight: 400;\">Bagaj yard\u0131m\u0131<\/span><p>\u00a0<\/p><\/li><li style=\"font-weight: 400;\" aria-level=\"1\"><span style=\"font-weight: 400;\">7\/24 kesintisiz hizmet<\/span><p>\u00a0<\/p><\/li><li style=\"font-weight: 400;\" aria-level=\"1\"><span style=\"font-weight: 400;\">Havaliman\u0131nda kar\u015f\u0131lama<\/span><p>\u00a0<\/p><\/li><li style=\"font-weight: 400;\" aria-level=\"1\"><span style=\"font-weight: 400;\">U\u00e7u\u015f saatine g\u00f6re esnek planlama<\/span><\/li><\/ul><h2><span style=\"font-weight: 400;\">\u0130stanbul Havaliman\u0131 Transfer \u00dccretleri Nas\u0131l Belirlenir?<\/span><\/h2><p><span style=\"font-weight: 400;\">M\u00fc\u015fterilerimizin en \u00e7ok merak etti\u011fi konulardan biri de fiyatland\u0131rmad\u0131r. Transfer \u00fccretleri;<\/span><\/p><ul><li style=\"font-weight: 400;\" aria-level=\"1\"><span style=\"font-weight: 400;\">Gidilecek mesafeye,<\/span><p>\u00a0<\/p><\/li><li style=\"font-weight: 400;\" aria-level=\"1\"><span style=\"font-weight: 400;\">Ara\u00e7 tipine,<\/span><p>\u00a0<\/p><\/li><li style=\"font-weight: 400;\" aria-level=\"1\"><span style=\"font-weight: 400;\">Ek hizmet taleplerine g\u00f6re belirlenir.<\/span><p>\u00a0<\/p><\/li><\/ul><p><span style=\"font-weight: 400;\">Fiyatlar \u015feffaft\u0131r ve s\u00fcrpriz masraflarla kar\u015f\u0131la\u015fmazs\u0131n\u0131z.<\/span><\/p><h2><span style=\"font-weight: 400;\">Hangi Ara\u00e7larla \u0130stanbul Havaliman\u0131 Transfer Yap\u0131l\u0131r?<\/span><\/h2><p><span style=\"font-weight: 400;\">Farkl\u0131 ihtiya\u00e7lara ve ki\u015fi say\u0131lar\u0131na uygun geni\u015f ara\u00e7 filomuz bulunmaktad\u0131r.<\/span><\/p><ul><li style=\"font-weight: 400;\" aria-level=\"1\"><b>Sedan ara\u00e7lar<\/b><span style=\"font-weight: 400;\">: 1-3 ki\u015filik yolculuklar i\u00e7in idealdir.<\/span><p>\u00a0<\/p><\/li><li style=\"font-weight: 400;\" aria-level=\"1\"><b>VIP Vito ve minib\u00fcsler<\/b><span style=\"font-weight: 400;\">: Aileler ve k\u00fc\u00e7\u00fck gruplar i\u00e7in uygundur.<\/span><p>\u00a0<\/p><\/li><li style=\"font-weight: 400;\" aria-level=\"1\"><b>L\u00fcks SUV ve VIP ara\u00e7lar<\/b><span style=\"font-weight: 400;\">: Konforu \u00f6n planda tutanlar i\u00e7in m\u00fckemmeldir.<\/span><\/li><\/ul><h2><span style=\"font-weight: 400;\">\u0130stanbul Havaliman\u0131 Transfer Hizmeti G\u00fcvenli Mi?<\/span><\/h2><p><span style=\"font-weight: 400;\">Evet, g\u00fcvenlik bizim \u00f6nceli\u011fimizdir.<\/span><\/p><ul><li style=\"font-weight: 400;\" aria-level=\"1\"><span style=\"font-weight: 400;\">\u015eof\u00f6rlerimiz profesyonel ve deneyimlidir.<\/span><p>\u00a0<\/p><\/li><li style=\"font-weight: 400;\" aria-level=\"1\"><span style=\"font-weight: 400;\">Ara\u00e7lar\u0131m\u0131z d\u00fczenli olarak bak\u0131mdan ge\u00e7irilir.<\/span><p>\u00a0<\/p><\/li><li style=\"font-weight: 400;\" aria-level=\"1\"><span style=\"font-weight: 400;\">Trafik ve yol durumuna g\u00f6re en g\u00fcvenli rotalar tercih edilir.<\/span><\/li><\/ul><h2><span style=\"font-weight: 400;\">\u0130\u015f Seyahatleri \u0130\u00e7in \u0130stanbul Havaliman\u0131 Transfer Avantajlar\u0131<\/span><\/h2><p><span style=\"font-weight: 400;\">\u0130\u015f d\u00fcnyas\u0131nda zaman en de\u011ferli kaynakt\u0131r. Toplant\u0131ya yeti\u015fmek, misafirlerinizi kar\u015f\u0131lamak ya da \u015fehri h\u0131zl\u0131ca dola\u015fmak i\u00e7in VIP transfer, hem prestij hem de konfor sa\u011flar.<\/span><\/p><ul><li style=\"font-weight: 400;\" aria-level=\"1\"><span style=\"font-weight: 400;\">\u0130\u015f ortaklar\u0131n\u0131za profesyonel bir kar\u015f\u0131lama yapabilirsiniz.<\/span><p>\u00a0<\/p><\/li><li style=\"font-weight: 400;\" aria-level=\"1\"><span style=\"font-weight: 400;\">Trafikte zaman kaybetmeden program\u0131n\u0131za yeti\u015febilirsiniz.<\/span><p>\u00a0<\/p><\/li><li style=\"font-weight: 400;\" aria-level=\"1\"><span style=\"font-weight: 400;\">Konforlu bir yolculukla toplant\u0131lara haz\u0131r bir \u015fekilde var\u0131rs\u0131n\u0131z.<\/span><\/li><\/ul><h2><span style=\"font-weight: 400;\">\u0130stanbul Havaliman\u0131 Transfer Ka\u00e7 Saat \u00d6nceden Al\u0131nmal\u0131d\u0131r?<\/span><\/h2><p><span style=\"font-weight: 400;\">Yo\u011fun d\u00f6nemlerde (\u00f6zellikle yaz aylar\u0131 ve bayram tatilleri) rezervasyonunuzu <\/span><b>en az 24 saat \u00f6nceden<\/b><span style=\"font-weight: 400;\"> yapman\u0131z \u00f6nerilir. Ancak ani seyahatlerde son dakika rezervasyonlar\u0131 i\u00e7in de destek sa\u011flamaktay\u0131z.<\/span><\/p><h2><span style=\"font-weight: 400;\">Turistler \u0130\u00e7in \u0130stanbul Havaliman\u0131 Transfer Neden \u00d6nemlidir?<\/span><\/h2><p><span style=\"font-weight: 400;\">\u0130stanbul\u2019a ilk defa gelen turistler i\u00e7in havaliman\u0131ndan otellerine ula\u015fmak bazen zorlay\u0131c\u0131 olabilir. VIP transfer hizmetimiz sayesinde:<\/span><\/p><ul><li style=\"font-weight: 400;\" aria-level=\"1\"><span style=\"font-weight: 400;\">Do\u011frudan otelinize b\u0131rak\u0131l\u0131rs\u0131n\u0131z.<\/span><p>\u00a0<\/p><\/li><li style=\"font-weight: 400;\" aria-level=\"1\"><span style=\"font-weight: 400;\">T\u00fcrk\u00e7e bilmeyen turistler i\u00e7in rehberlik yap\u0131l\u0131r.<\/span><p>\u00a0<\/p><\/li><li style=\"font-weight: 400;\" aria-level=\"1\"><span style=\"font-weight: 400;\">\u015eehir merkezine stressiz ula\u015f\u0131m sa\u011flan\u0131r.<\/span><p>\u00a0<\/p><\/li><\/ul><p><span style=\"font-weight: 400;\">\u0130stanbul Havaliman\u0131 Transfer hizmeti, seyahatlerinizin en konforlu ve g\u00fcvenli k\u0131sm\u0131n\u0131 olu\u015fturur. \u0130ster i\u015f ister turistik ama\u00e7l\u0131 olsun, VIP ara\u00e7lar\u0131m\u0131z ve profesyonel \u015fof\u00f6rlerimizle size \u00f6zel bir deneyim sunuyoruz. Zaman\u0131nda, g\u00fcvenli ve konforlu ula\u015f\u0131m i\u00e7in siz de \u0130stanbul Havaliman\u0131 Transfer hizmetimizi tercih edebilirsiniz.<\/span><\/p>\t\t\t\t\t\t\t\t<\/div>\n\t\t\t\t<\/div>\n\t\t\t\t\t<\/div>\n\t\t<\/div>\n\t\t\t\t\t<\/div>\n\t\t<\/section>\n\t\t\t\t<\/div>","protected":false},"excerpt":{"rendered":"<p>\u0130stanbul, d\u00fcnyan\u0131n en hareketli \u015fehirlerinden biri olmas\u0131n\u0131n yan\u0131 s\u0131ra, her g\u00fcn binlerce yerli ve yabanc\u0131 turisti a\u011f\u0131rlayan dev bir metropol. \u0130stanbul Havaliman\u0131, bu yo\u011fun trafi\u011fin en b\u00fcy\u00fck merkezi konumunda. Yolcular i\u00e7in en&hellip;<\/p>","protected":false},"author":2,"featured_media":0,"parent":0,"menu_order":0,"comment_status":"closed","ping_status":"closed","template":"","meta":{"footnotes":""},"class_list":["post-65819","page","type-page","status-publish","hentry"],"_links":{"self":[{"href":"https:\/\/eurowesttravel.com\/en\/wp-json\/wp\/v2\/pages\/65819","targetHints":{"allow":["GET"]}}],"collection":[{"href":"https:\/\/eurowesttravel.com\/en\/wp-json\/wp\/v2\/pages"}],"about":[{"href":"https:\/\/eurowesttravel.com\/en\/wp-json\/wp\/v2\/types\/page"}],"author":[{"embeddable":true,"href":"https:\/\/eurowesttravel.com\/en\/wp-json\/wp\/v2\/users\/2"}],"replies":[{"embeddable":true,"href":"https:\/\/eurowesttravel.com\/en\/wp-json\/wp\/v2\/comments?post=65819"}],"version-history":[{"count":16,"href":"https:\/\/eurowesttravel.com\/en\/wp-json\/wp\/v2\/pages\/65819\/revisions"}],"predecessor-version":[{"id":66057,"href":"https:\/\/eurowesttravel.com\/en\/wp-json\/wp\/v2\/pages\/65819\/revisions\/66057"}],"wp:attachment":[{"href":"https:\/\/eurowesttravel.com\/en\/wp-json\/wp\/v2\/media?parent=65819"}],"curies":[{"name":"wp","href":"https:\/\/api.w.org\/{rel}","templated":true}]}}